{"id":50085,"date":"2022-03-18T20:27:29","date_gmt":"2022-03-18T20:27:29","guid":{"rendered":"https:\/\/new.islandandhome.com\/commercial\/"},"modified":"2024-03-25T08:30:56","modified_gmt":"2024-03-25T08:30:56","slug":"commercial","status":"publish","type":"page","link":"https:\/\/islandandhome.com\/fr\/commercial\/","title":{"rendered":"Commerciale"},"content":{"rendered":"\t\t<div data-elementor-type=\"wp-page\" data-elementor-id=\"50085\" class=\"elementor elementor-50085 elementor-46358\">\n\t\t\t\t\t\t<section class=\"elementor-section elementor-top-section elementor-element elementor-element-87865e1 elementor-section-boxed elementor-section-height-default elementor-section-height-default\" data-id=\"87865e1\" data-element_type=\"section\" data-e-type=\"section\">\n\t\t\t\t\t\t<div class=\"elementor-container elementor-column-gap-default\">\n\t\t\t\t\t<div class=\"elementor-column elementor-col-100 elementor-top-column elementor-element elementor-element-1cf57f2\" data-id=\"1cf57f2\" data-element_type=\"column\" data-e-type=\"column\">\n\t\t\t<div class=\"elementor-widget-wrap elementor-element-populated\">\n\t\t\t\t\t\t<div class=\"elementor-element elementor-element-5e79386 elementor-hidden-desktop elementor-hidden-tablet content-align-cta-default elementor-widget elementor-widget-eael-cta-box\" data-id=\"5e79386\" data-element_type=\"widget\" data-e-type=\"widget\" data-widget_type=\"eael-cta-box.default\">\n\t\t\t\t<div class=\"elementor-widget-container\">\n\t\t\t\t\t\t\t<div class=\"eael-call-to-action cta-basic bg-lite cta-preset-1\">\n        <h2 class=\"title eael-cta-heading\">\u00c0 la recherche d'un entrep\u00f4t, d'un commerce ou d'une boutique - trouvez votre local commercial<\/h2><p>Que vous recherchiez un local \u00e0 Mahon, Es Castell ou Alaior, vous pouvez \u00eatre s\u00fbr que nous pouvons vous aider \u00e0 trouver ce que vous recherchez.<\/p><a href=\"\/contact-us\" class=\"cta-button cta-preset-1  \">Contactez-nous<\/a>\t<\/div>\n\t\t\t\t\t\t\t\t<\/div>\n\t\t\t\t<\/div>\n\t\t\t\t<div class=\"elementor-element elementor-element-6b445fa elementor-widget__width-inherit elementor-hidden-mobile elementor-widget elementor-widget-ere-cta-three-widget\" data-id=\"6b445fa\" data-element_type=\"widget\" data-e-type=\"widget\" data-widget_type=\"ere-cta-three-widget.default\">\n\t\t\t\t<div class=\"elementor-widget-container\">\n\t\t\t\t\t\n\n\t\t\n        <section\n                class=\"rh_elementor_widget rh_section__cta_elementor_three rh_cta--featured_elementor\n \">\n\n            <div class=\"rh_bg_cta_three\n    ere_cta_parallax\"\n                                  style=\"background-size: cover; background-image: url(https:\/\/islandandhome.com\/wp-content\/uploads\/2023\/01\/34258_03-scaled.jpg ) \"\n                        ><\/div>\n\n\t\t\t                <div class=\"rhea_overlay_cta_3\"><\/div>\n\t\t\t\n            <div class=\"wrapper_content_cta_3_box\">\n\n                <div class=\"wrapper_content_cta_3_gutter\">\n                <\/div>\n                <div class=\"wrapper_content_cta_3\"\n                                          style=\"text-align: center \"\n                                     >\n\t\t\t\t\t                        <h2 class=\"rhea_label_cta_3\">\n\t\t\t\t\t\t\t\u00c0 la recherche d&#039;un entrep\u00f4t, d&#039;un commerce ou d&#039;une boutique - trouvez votre local commercial                        <\/h2>\n\t\t\t\t\t\t                        <div class=\"rhea_description_cta_3\">\n                            <p>\n\t                        Que vous recherchiez un local \u00e0 Mahon, Es Castell ou Alaior, vous pouvez \u00eatre s\u00fbr que nous pouvons vous aider \u00e0 trouver ce que vous recherchez.                            <\/p>\n                        <\/div>\n\t\t\t\t\t\t                        <div class=\"rh_cta__btns_elementor_three\">\n                            <a class=\"cta_three_elementor_button\"\n\t\t\t\t\t\t\t\t                                    href=\"https:\/\/islandandhome.com\/fr\/contact\/\">\n\t\t\t\t\t\t\t\tCONTACTEZ NOUS                            <\/a>\n                        <\/div>\n\t\t\t\t\t\t\n                <\/div>\n            <\/div>\n\n        <\/section>\n\n        \t\t\t\t<\/div>\n\t\t\t\t<\/div>\n\t\t\t\t\t<\/div>\n\t\t<\/div>\n\t\t\t\t\t<\/div>\n\t\t<\/section>\n\t\t\t\t<\/div>\n\t\t","protected":false},"excerpt":{"rendered":"<p>\u00c0 la recherche d&rsquo;un entrep\u00f4t, d&rsquo;un commerce ou d&rsquo;une boutique &#8211; trouvez votre local commercial Que vous recherchiez un local \u00e0 Mahon, Es Castell ou Alaior, vous pouvez \u00eatre s\u00fbr que nous pouvons vous aider \u00e0 trouver ce que vous recherchez. Contactez-nous \u00c0 la recherche d&#039;un entrep\u00f4t, d&#039;un commerce ou d&#039;une boutique &#8211; trouvez votre&#8230;<\/p>\n","protected":false},"author":1,"featured_media":0,"parent":0,"menu_order":0,"comment_status":"closed","ping_status":"closed","template":"templates\/properties.php","meta":{"_acf_changed":false,"footnotes":""},"class_list":["post-50085","page","type-page","status-publish","hentry"],"acf":[],"yoast_head":"<!-- This site is optimized with the Yoast SEO plugin v27.6 - https:\/\/yoast.com\/product\/yoast-seo-wordpress\/ -->\n<title>Commerciale - Island &amp; Home<\/title>\n<meta name=\"robots\" content=\"index, follow, max-snippet:-1, max-image-preview:large, max-video-preview:-1\" \/>\n<link rel=\"canonical\" href=\"https:\/\/islandandhome.com\/commercial\/\" \/>\n<meta property=\"og:locale\" content=\"fr_FR\" \/>\n<meta property=\"og:type\" content=\"article\" \/>\n<meta property=\"og:title\" content=\"Commerciale - Island &amp; Home\" \/>\n<meta property=\"og:description\" content=\"\u00c0 la recherche d&rsquo;un entrep\u00f4t, d&rsquo;un commerce ou d&rsquo;une boutique &#8211; trouvez votre local commercial Que vous recherchiez un local \u00e0 Mahon, Es Castell ou Alaior, vous pouvez \u00eatre s\u00fbr que nous pouvons vous aider \u00e0 trouver ce que vous recherchez. Contactez-nous \u00c0 la recherche d&#039;un entrep\u00f4t, d&#039;un commerce ou d&#039;une boutique &#8211; trouvez votre...\" \/>\n<meta property=\"og:url\" content=\"https:\/\/islandandhome.com\/commercial\/\" \/>\n<meta property=\"og:site_name\" content=\"Island &amp; Home\" \/>\n<meta property=\"article:modified_time\" content=\"2024-03-25T08:30:56+00:00\" \/>\n<meta property=\"og:image\" content=\"https:\/\/islandandhome.com\/wp-content\/uploads\/2024\/01\/34312_06.jpg\" \/>\n\t<meta property=\"og:image:width\" content=\"1200\" \/>\n\t<meta property=\"og:image:height\" content=\"800\" \/>\n\t<meta property=\"og:image:type\" content=\"image\/jpeg\" \/>\n<meta name=\"twitter:card\" content=\"summary_large_image\" \/>\n<meta name=\"twitter:label1\" content=\"Dur\u00e9e de lecture estim\u00e9e\" \/>\n\t<meta name=\"twitter:data1\" content=\"1 minute\" \/>\n<script type=\"application\/ld+json\" class=\"yoast-schema-graph\">{\"@context\":\"https:\\\/\\\/schema.org\",\"@graph\":[{\"@type\":\"WebPage\",\"@id\":\"https:\\\/\\\/islandandhome.com\\\/commercial\\\/\",\"url\":\"https:\\\/\\\/islandandhome.com\\\/commercial\\\/\",\"name\":\"Commerciale - Island &amp; Home\",\"isPartOf\":{\"@id\":\"https:\\\/\\\/islandandhome.com\\\/#website\"},\"datePublished\":\"2022-03-18T20:27:29+00:00\",\"dateModified\":\"2024-03-25T08:30:56+00:00\",\"breadcrumb\":{\"@id\":\"https:\\\/\\\/islandandhome.com\\\/commercial\\\/#breadcrumb\"},\"inLanguage\":\"fr-FR\",\"potentialAction\":[{\"@type\":\"ReadAction\",\"target\":[\"https:\\\/\\\/islandandhome.com\\\/commercial\\\/\"]}]},{\"@type\":\"BreadcrumbList\",\"@id\":\"https:\\\/\\\/islandandhome.com\\\/commercial\\\/#breadcrumb\",\"itemListElement\":[{\"@type\":\"ListItem\",\"position\":1,\"name\":\"Home\",\"item\":\"https:\\\/\\\/islandandhome.com\\\/\"},{\"@type\":\"ListItem\",\"position\":2,\"name\":\"Commerciale\"}]},{\"@type\":\"WebSite\",\"@id\":\"https:\\\/\\\/islandandhome.com\\\/#website\",\"url\":\"https:\\\/\\\/islandandhome.com\\\/\",\"name\":\"Island &amp; Home\",\"description\":\"Property agents in Menorca\",\"publisher\":{\"@id\":\"https:\\\/\\\/islandandhome.com\\\/#organization\"},\"alternateName\":\"Property agents in Menorca\",\"potentialAction\":[{\"@type\":\"SearchAction\",\"target\":{\"@type\":\"EntryPoint\",\"urlTemplate\":\"https:\\\/\\\/islandandhome.com\\\/?s={search_term_string}\"},\"query-input\":{\"@type\":\"PropertyValueSpecification\",\"valueRequired\":true,\"valueName\":\"search_term_string\"}}],\"inLanguage\":\"fr-FR\"},{\"@type\":\"Organization\",\"@id\":\"https:\\\/\\\/islandandhome.com\\\/#organization\",\"name\":\"Island &amp; Home\",\"url\":\"https:\\\/\\\/islandandhome.com\\\/\",\"logo\":{\"@type\":\"ImageObject\",\"inLanguage\":\"fr-FR\",\"@id\":\"https:\\\/\\\/islandandhome.com\\\/#\\\/schema\\\/logo\\\/image\\\/\",\"url\":\"https:\\\/\\\/islandandhome.com\\\/wp-content\\\/uploads\\\/2020\\\/02\\\/island-and-home-transparent-fixed-2x-very-small.png\",\"contentUrl\":\"https:\\\/\\\/islandandhome.com\\\/wp-content\\\/uploads\\\/2020\\\/02\\\/island-and-home-transparent-fixed-2x-very-small.png\",\"width\":220,\"height\":68,\"caption\":\"Island &amp; Home\"},\"image\":{\"@id\":\"https:\\\/\\\/islandandhome.com\\\/#\\\/schema\\\/logo\\\/image\\\/\"}}]}<\/script>\n<!-- \/ Yoast SEO plugin. -->","yoast_head_json":{"title":"Commerciale - Island &amp; Home","robots":{"index":"index","follow":"follow","max-snippet":"max-snippet:-1","max-image-preview":"max-image-preview:large","max-video-preview":"max-video-preview:-1"},"canonical":"https:\/\/islandandhome.com\/commercial\/","og_locale":"fr_FR","og_type":"article","og_title":"Commerciale - Island &amp; Home","og_description":"\u00c0 la recherche d&rsquo;un entrep\u00f4t, d&rsquo;un commerce ou d&rsquo;une boutique &#8211; trouvez votre local commercial Que vous recherchiez un local \u00e0 Mahon, Es Castell ou Alaior, vous pouvez \u00eatre s\u00fbr que nous pouvons vous aider \u00e0 trouver ce que vous recherchez. Contactez-nous \u00c0 la recherche d&#039;un entrep\u00f4t, d&#039;un commerce ou d&#039;une boutique &#8211; trouvez votre...","og_url":"https:\/\/islandandhome.com\/commercial\/","og_site_name":"Island &amp; Home","article_modified_time":"2024-03-25T08:30:56+00:00","og_image":[{"width":1200,"height":800,"url":"https:\/\/islandandhome.com\/wp-content\/uploads\/2024\/01\/34312_06.jpg","type":"image\/jpeg"}],"twitter_card":"summary_large_image","twitter_misc":{"Dur\u00e9e de lecture estim\u00e9e":"1 minute"},"schema":{"@context":"https:\/\/schema.org","@graph":[{"@type":"WebPage","@id":"https:\/\/islandandhome.com\/commercial\/","url":"https:\/\/islandandhome.com\/commercial\/","name":"Commerciale - Island &amp; Home","isPartOf":{"@id":"https:\/\/islandandhome.com\/#website"},"datePublished":"2022-03-18T20:27:29+00:00","dateModified":"2024-03-25T08:30:56+00:00","breadcrumb":{"@id":"https:\/\/islandandhome.com\/commercial\/#breadcrumb"},"inLanguage":"fr-FR","potentialAction":[{"@type":"ReadAction","target":["https:\/\/islandandhome.com\/commercial\/"]}]},{"@type":"BreadcrumbList","@id":"https:\/\/islandandhome.com\/commercial\/#breadcrumb","itemListElement":[{"@type":"ListItem","position":1,"name":"Home","item":"https:\/\/islandandhome.com\/"},{"@type":"ListItem","position":2,"name":"Commerciale"}]},{"@type":"WebSite","@id":"https:\/\/islandandhome.com\/#website","url":"https:\/\/islandandhome.com\/","name":"Island &amp; Home","description":"Property agents in Menorca","publisher":{"@id":"https:\/\/islandandhome.com\/#organization"},"alternateName":"Property agents in Menorca","potentialAction":[{"@type":"SearchAction","target":{"@type":"EntryPoint","urlTemplate":"https:\/\/islandandhome.com\/?s={search_term_string}"},"query-input":{"@type":"PropertyValueSpecification","valueRequired":true,"valueName":"search_term_string"}}],"inLanguage":"fr-FR"},{"@type":"Organization","@id":"https:\/\/islandandhome.com\/#organization","name":"Island &amp; Home","url":"https:\/\/islandandhome.com\/","logo":{"@type":"ImageObject","inLanguage":"fr-FR","@id":"https:\/\/islandandhome.com\/#\/schema\/logo\/image\/","url":"https:\/\/islandandhome.com\/wp-content\/uploads\/2020\/02\/island-and-home-transparent-fixed-2x-very-small.png","contentUrl":"https:\/\/islandandhome.com\/wp-content\/uploads\/2020\/02\/island-and-home-transparent-fixed-2x-very-small.png","width":220,"height":68,"caption":"Island &amp; Home"},"image":{"@id":"https:\/\/islandandhome.com\/#\/schema\/logo\/image\/"}}]}},"_links":{"self":[{"href":"https:\/\/islandandhome.com\/fr\/wp-json\/wp\/v2\/pages\/50085","targetHints":{"allow":["GET"]}}],"collection":[{"href":"https:\/\/islandandhome.com\/fr\/wp-json\/wp\/v2\/pages"}],"about":[{"href":"https:\/\/islandandhome.com\/fr\/wp-json\/wp\/v2\/types\/page"}],"author":[{"embeddable":true,"href":"https:\/\/islandandhome.com\/fr\/wp-json\/wp\/v2\/users\/1"}],"replies":[{"embeddable":true,"href":"https:\/\/islandandhome.com\/fr\/wp-json\/wp\/v2\/comments?post=50085"}],"version-history":[{"count":16,"href":"https:\/\/islandandhome.com\/fr\/wp-json\/wp\/v2\/pages\/50085\/revisions"}],"predecessor-version":[{"id":85435,"href":"https:\/\/islandandhome.com\/fr\/wp-json\/wp\/v2\/pages\/50085\/revisions\/85435"}],"wp:attachment":[{"href":"https:\/\/islandandhome.com\/fr\/wp-json\/wp\/v2\/media?parent=50085"}],"curies":[{"name":"wp","href":"https:\/\/api.w.org\/{rel}","templated":true}]}}